{"id":2625,"date":"2022-07-26T18:34:24","date_gmt":"2022-07-26T15:34:24","guid":{"rendered":"http:\/\/dukkan.kartonkutu.com.tr\/?page_id=2625"},"modified":"2022-11-01T14:02:33","modified_gmt":"2022-11-01T11:02:33","slug":"boxes-for-clothes","status":"publish","type":"page","link":"https:\/\/dukkan.kartonkutu.com.tr\/en\/boxes-for-clothes\/","title":{"rendered":"Boxes For Clothes"},"content":{"rendered":"<!--themify_builder_content-->\n<div id=\"themify_builder_content-2625\" data-postid=\"2625\" class=\"themify_builder_content themify_builder_content-2625 themify_builder tf_clear\">\n                    <div  data-lazy=\"1\" class=\"module_row themify_builder_row tb_pmx0172 tb_first tf_w\">\n                        <div class=\"row_inner col_align_top tb_col_count_1 tf_box tf_rel\">\n                        <div  data-lazy=\"1\" class=\"module_column tb-column col-full tb_8k19173 first\">\n                    <!-- module image -->\n<div  class=\"module module-image tb_b31o683 image-top   tf_mw\" data-lazy=\"1\">\n        <div class=\"image-wrap tf_rel tf_mw\">\n            <img loading=\"lazy\" decoding=\"async\" src=\"http:\/\/dukkan.kartonkutu.com.tr\/wp-content\/uploads\/2022\/11\/3.png\" width=\"2000\" height=\"300\" title=\"Boxes For Clothes\" alt=\"Boxes For Clothes\">    \n        <\/div>\n    <!-- \/image-wrap -->\n    \n        <\/div>\n<!-- \/module image -->        <\/div>\n                        <\/div>\n        <\/div>\n                        <div  data-lazy=\"1\" class=\"module_row themify_builder_row tb_ek81469 tf_w\">\n                        <div class=\"row_inner col_align_top tb_col_count_1 tf_box tf_rel\">\n                        <div  data-lazy=\"1\" class=\"module_column tb-column col-full tb_93we470 first\">\n                    <!-- advanced-products module -->\n<div  class=\"module woocommerce module-advanced-products tb_yauh532  themify_builder_content-yauh532\" data-lazy=\"1\">\n\t\t\t<div class=\"tbp_no_posts\">\u00dcr\u00fcn bulunamad\u0131<\/div>\n\t\t<!-- \/advanced-products module -->\n<\/div>\n        <\/div>\n                        <\/div>\n        <\/div>\n        <\/div>\n<!--\/themify_builder_content-->","protected":false},"excerpt":{"rendered":"","protected":false},"author":1,"featured_media":0,"parent":0,"menu_order":0,"comment_status":"closed","ping_status":"closed","template":"","meta":{"footnotes":""},"class_list":["post-2625","page","type-page","status-publish","hentry","has-post-title","has-post-date","has-post-category","has-post-tag","has-post-comment","has-post-author",""],"builder_content":"<img src=\"http:\/\/dukkan.kartonkutu.com.tr\/wp-content\/uploads\/2022\/11\/3.png\" width=\"2000\" height=\"300\" title=\"Boxes For Clothes\" alt=\"Boxes For Clothes\">","_links":{"self":[{"href":"https:\/\/dukkan.kartonkutu.com.tr\/en\/wp-json\/wp\/v2\/pages\/2625","targetHints":{"allow":["GET"]}}],"collection":[{"href":"https:\/\/dukkan.kartonkutu.com.tr\/en\/wp-json\/wp\/v2\/pages"}],"about":[{"href":"https:\/\/dukkan.kartonkutu.com.tr\/en\/wp-json\/wp\/v2\/types\/page"}],"author":[{"embeddable":true,"href":"https:\/\/dukkan.kartonkutu.com.tr\/en\/wp-json\/wp\/v2\/users\/1"}],"replies":[{"embeddable":true,"href":"https:\/\/dukkan.kartonkutu.com.tr\/en\/wp-json\/wp\/v2\/comments?post=2625"}],"version-history":[{"count":2,"href":"https:\/\/dukkan.kartonkutu.com.tr\/en\/wp-json\/wp\/v2\/pages\/2625\/revisions"}],"predecessor-version":[{"id":2685,"href":"https:\/\/dukkan.kartonkutu.com.tr\/en\/wp-json\/wp\/v2\/pages\/2625\/revisions\/2685"}],"wp:attachment":[{"href":"https:\/\/dukkan.kartonkutu.com.tr\/en\/wp-json\/wp\/v2\/media?parent=2625"}],"curies":[{"name":"wp","href":"https:\/\/api.w.org\/{rel}","templated":true}]}}